{"id":54,"date":"2025-07-22T19:41:14","date_gmt":"2025-07-22T22:41:14","guid":{"rendered":"https:\/\/digitaltvantenas.com.br\/?page_id=54"},"modified":"2025-07-24T16:47:35","modified_gmt":"2025-07-24T19:47:35","slug":"front_page","status":"publish","type":"page","link":"https:\/\/digitaltvantenas.com.br\/","title":{"rendered":"In\u00edcio"},"content":{"rendered":"\n\n\n\n","protected":false},"excerpt":{"rendered":"","protected":false},"author":1,"featured_media":0,"parent":0,"menu_order":0,"comment_status":"closed","ping_status":"closed","template":"","meta":{"saved_in_kubio":true,"_kadence_starter_templates_imported_post":false,"_joinchat":[],"footnotes":""},"class_list":["post-54","page","type-page","status-publish","hentry"],"kubio_ai_page_context":{"short_desc":"","purpose":"general"},"yoast_head":"<!-- This site is optimized with the Yoast SEO plugin v25.5 - https:\/\/yoast.com\/wordpress\/plugins\/seo\/ -->\n<title>In\u00edcio - Digital TV Antenas<\/title>\n<meta name=\"robots\" content=\"index, follow, max-snippet:-1, max-image-preview:large, max-video-preview:-1\" \/>\n<link rel=\"canonical\" href=\"http:\/\/digitaltvantenas.com.br\/\" \/>\n<meta property=\"og:locale\" content=\"en_US\" \/>\n<meta property=\"og:type\" content=\"article\" \/>\n<meta property=\"og:title\" content=\"In\u00edcio - Digital TV Antenas\" \/>\n<meta property=\"og:url\" content=\"http:\/\/digitaltvantenas.com.br\/\" \/>\n<meta property=\"og:site_name\" content=\"Digital TV Antenas\" \/>\n<meta property=\"article:modified_time\" content=\"2025-07-24T19:47:35+00:00\" \/>\n<meta name=\"twitter:card\" content=\"summary_large_image\" \/>\n<meta name=\"twitter:label1\" content=\"Est. reading time\" \/>\n\t<meta name=\"twitter:data1\" content=\"1 minute\" \/>\n<script type=\"application\/ld+json\" class=\"yoast-schema-graph\">{\"@context\":\"https:\/\/schema.org\",\"@graph\":[{\"@type\":\"WebPage\",\"@id\":\"http:\/\/digitaltvantenas.com.br\/\",\"url\":\"http:\/\/digitaltvantenas.com.br\/\",\"name\":\"In\u00edcio - Digital TV Antenas\",\"isPartOf\":{\"@id\":\"http:\/\/digitaltvantenas.com.br\/#website\"},\"datePublished\":\"2025-07-22T22:41:14+00:00\",\"dateModified\":\"2025-07-24T19:47:35+00:00\",\"breadcrumb\":{\"@id\":\"http:\/\/digitaltvantenas.com.br\/#breadcrumb\"},\"inLanguage\":\"en-US\",\"potentialAction\":[{\"@type\":\"ReadAction\",\"target\":[\"http:\/\/digitaltvantenas.com.br\/\"]}]},{\"@type\":\"BreadcrumbList\",\"@id\":\"http:\/\/digitaltvantenas.com.br\/#breadcrumb\",\"itemListElement\":[{\"@type\":\"ListItem\",\"position\":1,\"name\":\"In\u00edcio\",\"item\":\"http:\/\/digitaltvantenas.com.br\/\"},{\"@type\":\"ListItem\",\"position\":2,\"name\":\"In\u00edcio\"}]},{\"@type\":\"WebSite\",\"@id\":\"http:\/\/digitaltvantenas.com.br\/#website\",\"url\":\"http:\/\/digitaltvantenas.com.br\/\",\"name\":\"Digital TV Antenas\",\"description\":\"Instala\u00e7\u00e3o e Manuten\u00e7\u00e3o de Antenas\",\"publisher\":{\"@id\":\"http:\/\/digitaltvantenas.com.br\/#organization\"},\"potentialAction\":[{\"@type\":\"SearchAction\",\"target\":{\"@type\":\"EntryPoint\",\"urlTemplate\":\"http:\/\/digitaltvantenas.com.br\/?s={search_term_string}\"},\"query-input\":{\"@type\":\"PropertyValueSpecification\",\"valueRequired\":true,\"valueName\":\"search_term_string\"}}],\"inLanguage\":\"en-US\"},{\"@type\":\"Organization\",\"@id\":\"http:\/\/digitaltvantenas.com.br\/#organization\",\"name\":\"Digital TV Antenas\",\"url\":\"http:\/\/digitaltvantenas.com.br\/\",\"logo\":{\"@type\":\"ImageObject\",\"inLanguage\":\"en-US\",\"@id\":\"http:\/\/digitaltvantenas.com.br\/#\/schema\/logo\/image\/\",\"url\":\"https:\/\/digitaltvantenas.com.br\/wp-content\/uploads\/2025\/07\/logodigitaltv.png\",\"contentUrl\":\"https:\/\/digitaltvantenas.com.br\/wp-content\/uploads\/2025\/07\/logodigitaltv.png\",\"width\":176,\"height\":176,\"caption\":\"Digital TV Antenas\"},\"image\":{\"@id\":\"http:\/\/digitaltvantenas.com.br\/#\/schema\/logo\/image\/\"},\"sameAs\":[\"https:\/\/www.youtube.com\/@digitaltvantenas\"]}]}<\/script>\n<!-- \/ Yoast SEO plugin. -->","yoast_head_json":{"title":"In\u00edcio - Digital TV Antenas","robots":{"index":"index","follow":"follow","max-snippet":"max-snippet:-1","max-image-preview":"max-image-preview:large","max-video-preview":"max-video-preview:-1"},"canonical":"http:\/\/digitaltvantenas.com.br\/","og_locale":"en_US","og_type":"article","og_title":"In\u00edcio - Digital TV Antenas","og_url":"http:\/\/digitaltvantenas.com.br\/","og_site_name":"Digital TV Antenas","article_modified_time":"2025-07-24T19:47:35+00:00","twitter_card":"summary_large_image","twitter_misc":{"Est. reading time":"1 minute"},"schema":{"@context":"https:\/\/schema.org","@graph":[{"@type":"WebPage","@id":"http:\/\/digitaltvantenas.com.br\/","url":"http:\/\/digitaltvantenas.com.br\/","name":"In\u00edcio - Digital TV Antenas","isPartOf":{"@id":"http:\/\/digitaltvantenas.com.br\/#website"},"datePublished":"2025-07-22T22:41:14+00:00","dateModified":"2025-07-24T19:47:35+00:00","breadcrumb":{"@id":"http:\/\/digitaltvantenas.com.br\/#breadcrumb"},"inLanguage":"en-US","potentialAction":[{"@type":"ReadAction","target":["http:\/\/digitaltvantenas.com.br\/"]}]},{"@type":"BreadcrumbList","@id":"http:\/\/digitaltvantenas.com.br\/#breadcrumb","itemListElement":[{"@type":"ListItem","position":1,"name":"In\u00edcio","item":"http:\/\/digitaltvantenas.com.br\/"},{"@type":"ListItem","position":2,"name":"In\u00edcio"}]},{"@type":"WebSite","@id":"http:\/\/digitaltvantenas.com.br\/#website","url":"http:\/\/digitaltvantenas.com.br\/","name":"Digital TV Antenas","description":"Instala\u00e7\u00e3o e Manuten\u00e7\u00e3o de Antenas","publisher":{"@id":"http:\/\/digitaltvantenas.com.br\/#organization"},"potentialAction":[{"@type":"SearchAction","target":{"@type":"EntryPoint","urlTemplate":"http:\/\/digitaltvantenas.com.br\/?s={search_term_string}"},"query-input":{"@type":"PropertyValueSpecification","valueRequired":true,"valueName":"search_term_string"}}],"inLanguage":"en-US"},{"@type":"Organization","@id":"http:\/\/digitaltvantenas.com.br\/#organization","name":"Digital TV Antenas","url":"http:\/\/digitaltvantenas.com.br\/","logo":{"@type":"ImageObject","inLanguage":"en-US","@id":"http:\/\/digitaltvantenas.com.br\/#\/schema\/logo\/image\/","url":"https:\/\/digitaltvantenas.com.br\/wp-content\/uploads\/2025\/07\/logodigitaltv.png","contentUrl":"https:\/\/digitaltvantenas.com.br\/wp-content\/uploads\/2025\/07\/logodigitaltv.png","width":176,"height":176,"caption":"Digital TV Antenas"},"image":{"@id":"http:\/\/digitaltvantenas.com.br\/#\/schema\/logo\/image\/"},"sameAs":["https:\/\/www.youtube.com\/@digitaltvantenas"]}]}},"_links":{"self":[{"href":"https:\/\/digitaltvantenas.com.br\/index.php?rest_route=\/wp\/v2\/pages\/54","targetHints":{"allow":["GET"]}}],"collection":[{"href":"https:\/\/digitaltvantenas.com.br\/index.php?rest_route=\/wp\/v2\/pages"}],"about":[{"href":"https:\/\/digitaltvantenas.com.br\/index.php?rest_route=\/wp\/v2\/types\/page"}],"author":[{"embeddable":true,"href":"https:\/\/digitaltvantenas.com.br\/index.php?rest_route=\/wp\/v2\/users\/1"}],"replies":[{"embeddable":true,"href":"https:\/\/digitaltvantenas.com.br\/index.php?rest_route=%2Fwp%2Fv2%2Fcomments&post=54"}],"version-history":[{"count":212,"href":"https:\/\/digitaltvantenas.com.br\/index.php?rest_route=\/wp\/v2\/pages\/54\/revisions"}],"predecessor-version":[{"id":504,"href":"https:\/\/digitaltvantenas.com.br\/index.php?rest_route=\/wp\/v2\/pages\/54\/revisions\/504"}],"wp:attachment":[{"href":"https:\/\/digitaltvantenas.com.br\/index.php?rest_route=%2Fwp%2Fv2%2Fmedia&parent=54"}],"curies":[{"name":"wp","href":"https:\/\/api.w.org\/{rel}","templated":true}]}}